{"id":16868,"date":"2024-01-26T12:44:53","date_gmt":"2024-01-26T12:44:53","guid":{"rendered":"https:\/\/federacioncanariadehipica.es\/inicio\/?page_id=16868"},"modified":"2024-04-30T13:22:42","modified_gmt":"2024-04-30T12:22:42","slug":"previa-licencia-deportista","status":"publish","type":"page","link":"https:\/\/federacioncanariadehipica.es\/inicio\/previa-licencia-deportista\/","title":{"rendered":"Previa licencia deportista"},"content":{"rendered":"<p>[et_pb_section fb_built=\u00bb1&#8243; _builder_version=\u00bb4.24.0&#8243; _module_preset=\u00bbdefault\u00bb background_color=\u00bbrgba(0,0,0,0.85)\u00bb background_image=\u00bbhttps:\/\/federacioncanariadehipica.es\/inicio\/wp-content\/uploads\/2023\/04\/fondoclubes-scaled.jpg\u00bb background_blend=\u00bbmultiply\u00bb custom_margin=\u00bb120px||||false|false\u00bb custom_margin_tablet=\u00bb0px||||false|false\u00bb custom_margin_phone=\u00bb0px||||false|false\u00bb custom_margin_last_edited=\u00bbon|phone\u00bb custom_padding=\u00bb||40px||false|false\u00bb locked=\u00bboff\u00bb global_colors_info=\u00bb{}\u00bb][et_pb_row _builder_version=\u00bb4.20.4&#8243; _module_preset=\u00bbdefault\u00bb max_width=\u00bb1080px\u00bb custom_padding=\u00bb0px||0px|||\u00bb global_colors_info=\u00bb{}\u00bb][et_pb_column type=\u00bb4_4&#8243; _builder_version=\u00bb4.20.4&#8243; _module_preset=\u00bbdefault\u00bb global_colors_info=\u00bb{}\u00bb][et_pb_text _builder_version=\u00bb4.24.0&#8243; _module_preset=\u00bbdefault\u00bb text_text_color=\u00bb#F1F0F0&#8243; header_font=\u00bb|700||on|||||\u00bb header_text_align=\u00bbcenter\u00bb header_text_color=\u00bb#F1F0F0&#8243; header_font_size=\u00bb32px\u00bb header_line_height=\u00bb1.2em\u00bb text_orientation=\u00bbcenter\u00bb custom_margin=\u00bb||||false|false\u00bb text_font_size_tablet=\u00bb\u00bb text_font_size_phone=\u00bb14px\u00bb text_font_size_last_edited=\u00bbon|phone\u00bb header_font_size_tablet=\u00bb26px\u00bb header_font_size_phone=\u00bb22px\u00bb header_font_size_last_edited=\u00bbon|tablet\u00bb global_colors_info=\u00bb{}\u00bb]<\/p>\n<h1>Lea atentamente lo expuesto en esta p\u00e1gina antes de continuar con su <span style=\"text-decoration: underline;\">licencia de deportista<\/span><\/h1>\n<p>[\/et_pb_text][\/et_pb_column][\/et_pb_row][\/et_pb_section][et_pb_section fb_built=\u00bb1&#8243; _builder_version=\u00bb4.20.4&#8243; _module_preset=\u00bbdefault\u00bb background_color=\u00bb#F1F0F0&#8243; global_colors_info=\u00bb{}\u00bb][et_pb_row _builder_version=\u00bb4.24.0&#8243; _module_preset=\u00bbdefault\u00bb width_tablet=\u00bb\u00bb width_phone=\u00bb90%\u00bb width_last_edited=\u00bbon|phone\u00bb custom_padding=\u00bb0px||0px|||\u00bb global_colors_info=\u00bb{}\u00bb][et_pb_column type=\u00bb4_4&#8243; _builder_version=\u00bb4.24.0&#8243; _module_preset=\u00bbdefault\u00bb global_colors_info=\u00bb{}\u00bb][et_pb_text _builder_version=\u00bb4.24.0&#8243; _module_preset=\u00bbdefault\u00bb header_3_text_align=\u00bbcenter\u00bb text_orientation=\u00bbcenter\u00bb custom_margin=\u00bb||20px||false|false\u00bb global_colors_info=\u00bb{}\u00bb]<\/p>\n<h2>Recuerde:<\/h2>\n<p>[\/et_pb_text][et_pb_blurb title=\u00bbEs importante conocer el tipo de licencia que necesita en funci\u00f3n de su actividad\u00bb image=\u00bbhttps:\/\/federacioncanariadehipica.es\/inicio\/wp-content\/uploads\/2023\/12\/1.png\u00bb icon_placement=\u00bbleft\u00bb image_icon_width=\u00bb72px\u00bb content_max_width=\u00bb100%\u00bb _builder_version=\u00bb4.24.0&#8243; _module_preset=\u00bbdefault\u00bb header_font_size=\u00bb24px\u00bb background_color=\u00bb#ffffff\u00bb custom_padding=\u00bb30px|30px|30px|30px|true|true\u00bb custom_padding_tablet=\u00bb30px|30px|30px|30px|true|true\u00bb custom_padding_phone=\u00bb20px|20px|20px|20px|true|true\u00bb custom_padding_last_edited=\u00bbon|phone\u00bb header_font_size_tablet=\u00bb24px\u00bb header_font_size_phone=\u00bb20px\u00bb header_font_size_last_edited=\u00bbon|phone\u00bb body_font_size_tablet=\u00bb\u00bb body_font_size_phone=\u00bb14px\u00bb body_font_size_last_edited=\u00bbon|desktop\u00bb body_line_height_tablet=\u00bb\u00bb body_line_height_phone=\u00bb\u00bb body_line_height_last_edited=\u00bbon|desktop\u00bb border_radii=\u00bbon|12px|12px|12px|12px\u00bb box_shadow_style=\u00bbpreset3&#8243; global_colors_info=\u00bb{}\u00bb]<\/p>\n<p>Aseg\u00farese antes de empezar el proceso de Alta\/Renovaci\u00f3n sobre cu\u00e1l es la licencia que requiere seg\u00fan sus caracter\u00edsticas si no quiere pagar de m\u00e1s por una licencia que no necesita.<\/p>\n<p>[\/et_pb_blurb][\/et_pb_column][\/et_pb_row][et_pb_row _builder_version=\u00bb4.24.0&#8243; _module_preset=\u00bbdefault\u00bb custom_padding=\u00bb||0px||false|false\u00bb global_colors_info=\u00bb{}\u00bb][et_pb_column type=\u00bb4_4&#8243; _builder_version=\u00bb4.24.0&#8243; _module_preset=\u00bbdefault\u00bb global_colors_info=\u00bb{}\u00bb][et_pb_text _builder_version=\u00bb4.24.0&#8243; _module_preset=\u00bbdefault\u00bb header_3_text_align=\u00bbcenter\u00bb custom_margin=\u00bb||-1px|||\u00bb global_colors_info=\u00bb{}\u00bb]<\/p>\n<h3>Tarifas<\/h3>\n<p>[\/et_pb_text][\/et_pb_column][\/et_pb_row][et_pb_row column_structure=\u00bb1_4,1_4,1_4,1_4&#8243; use_custom_gutter=\u00bbon\u00bb gutter_width=\u00bb1&#8243; _builder_version=\u00bb4.20.4&#8243; _module_preset=\u00bbdefault\u00bb background_color=\u00bbRGBA(255,255,255,0)\u00bb custom_padding=\u00bb0px||0px||false|false\u00bb border_width_all=\u00bb0px\u00bb border_color_all=\u00bb#F1F0F0&#8243; locked=\u00bboff\u00bb global_colors_info=\u00bb{}\u00bb][et_pb_column type=\u00bb1_4&#8243; _builder_version=\u00bb4.20.4&#8243; _module_preset=\u00bbdefault\u00bb custom_padding=\u00bb15px|5px|15px|5px|true|true\u00bb global_colors_info=\u00bb{}\u00bb][et_pb_text _builder_version=\u00bb4.20.4&#8243; _module_preset=\u00bbdefault\u00bb text_font=\u00bb|600||on|||||\u00bb text_text_color=\u00bb#000000&#8243; text_font_size=\u00bb14px\u00bb text_line_height=\u00bb1.2em\u00bb background_color=\u00bbrgba(0,157,255,0.2)\u00bb text_orientation=\u00bbcenter\u00bb custom_padding=\u00bb10px|15px|10px|15px|true|true\u00bb border_radii=\u00bboff|5px|5px||\u00bb global_colors_info=\u00bb{}\u00bb]<\/p>\n<p>Licencias competidoras nacionales<\/p>\n<p>[\/et_pb_text][et_pb_text _builder_version=\u00bb4.24.0&#8243; _module_preset=\u00bbdefault\u00bb text_font=\u00bb|600|||||||\u00bb text_font_size=\u00bb14px\u00bb background_color=\u00bb#ffffff\u00bb text_orientation=\u00bbcenter\u00bb custom_margin=\u00bb0px||||false|false\u00bb custom_padding=\u00bb10px||10px||true|false\u00bb border_width_all=\u00bb1px\u00bb border_color_all=\u00bbrgba(56,182,255,0.2)\u00bb global_colors_info=\u00bb{}\u00bb]<\/p>\n<p>Adulto (desde 18 a\u00f1os) &#8211; 150\u20ac<\/p>\n<p>[\/et_pb_text][et_pb_text _builder_version=\u00bb4.21.0&#8243; _module_preset=\u00bbdefault\u00bb text_font=\u00bb|600|||||||\u00bb text_font_size=\u00bb14px\u00bb background_color=\u00bb#ffffff\u00bb text_orientation=\u00bbcenter\u00bb custom_margin=\u00bb0px||||false|false\u00bb custom_padding=\u00bb10px||10px||true|false\u00bb border_width_all=\u00bb1px\u00bb border_color_all=\u00bbrgba(56,182,255,0.2)\u00bb global_colors_info=\u00bb{}\u00bb]<\/p>\n<p>Joven Jinete (de 16 a 21 a\u00f1os) &#8211; 150\u20ac<\/p>\n<p>[\/et_pb_text][et_pb_text _builder_version=\u00bb4.20.4&#8243; _module_preset=\u00bbdefault\u00bb text_font=\u00bb|600|||||||\u00bb text_font_size=\u00bb14px\u00bb background_color=\u00bb#ffffff\u00bb text_orientation=\u00bbcenter\u00bb custom_margin=\u00bb0px||||false|false\u00bb custom_padding=\u00bb10px||10px||true|false\u00bb border_width_all=\u00bb1px\u00bb border_color_all=\u00bbrgba(56,182,255,0.2)\u00bb global_colors_info=\u00bb{}\u00bb]<\/p>\n<p>Juvenil (de 14 a 18 a\u00f1os) &#8211; 135\u20ac<\/p>\n<p>[\/et_pb_text][et_pb_text _builder_version=\u00bb4.20.4&#8243; _module_preset=\u00bbdefault\u00bb text_font=\u00bb|600|||||||\u00bb text_font_size=\u00bb14px\u00bb background_color=\u00bb#ffffff\u00bb text_orientation=\u00bbcenter\u00bb custom_margin=\u00bb0px||||false|false\u00bb custom_padding=\u00bb10px||10px||true|false\u00bb border_width_all=\u00bb1px\u00bb border_color_all=\u00bbrgba(56,182,255,0.2)\u00bb global_colors_info=\u00bb{}\u00bb]<\/p>\n<p>Infantil (de 12 a 14 a\u00f1os) &#8211; 115\u20ac<\/p>\n<p>[\/et_pb_text][et_pb_text _builder_version=\u00bb4.20.4&#8243; _module_preset=\u00bbdefault\u00bb text_font=\u00bb|600|||||||\u00bb text_font_size=\u00bb14px\u00bb background_color=\u00bb#ffffff\u00bb text_orientation=\u00bbcenter\u00bb custom_margin=\u00bb0px||||false|false\u00bb custom_padding=\u00bb10px||10px||true|false\u00bb border_width_all=\u00bb1px\u00bb border_color_all=\u00bbrgba(56,182,255,0.2)\u00bb global_colors_info=\u00bb{}\u00bb]<\/p>\n<p>Alev\u00edn (de 9 a 12 a\u00f1os) &#8211; 110\u20ac<\/p>\n<p>[\/et_pb_text][\/et_pb_column][et_pb_column type=\u00bb1_4&#8243; _builder_version=\u00bb4.20.4&#8243; _module_preset=\u00bbdefault\u00bb custom_padding=\u00bb15px|5px|15px|5px|true|true\u00bb global_colors_info=\u00bb{}\u00bb][et_pb_text _builder_version=\u00bb4.20.4&#8243; _module_preset=\u00bbdefault\u00bb text_font=\u00bb|600||on|||||\u00bb text_text_color=\u00bb#000000&#8243; text_font_size=\u00bb14px\u00bb text_line_height=\u00bb1.2em\u00bb background_color=\u00bbrgba(0,157,255,0.2)\u00bb text_orientation=\u00bbcenter\u00bb custom_padding=\u00bb10px|15px|10px|15px|true|true\u00bb border_radii=\u00bboff|5px|5px||\u00bb global_colors_info=\u00bb{}\u00bb]<\/p>\n<p>Tarjeta deportiva nacional (TDN)<\/p>\n<p>[\/et_pb_text][et_pb_text _builder_version=\u00bb4.20.4&#8243; _module_preset=\u00bbdefault\u00bb text_font=\u00bb|600|||||||\u00bb text_font_size=\u00bb14px\u00bb background_color=\u00bb#ffffff\u00bb text_orientation=\u00bbcenter\u00bb custom_margin=\u00bb0px||||false|false\u00bb custom_padding=\u00bb10px||10px||true|false\u00bb border_width_all=\u00bb1px\u00bb border_color_all=\u00bbrgba(56,182,255,0.2)\u00bb global_colors_info=\u00bb{}\u00bb]<\/p>\n<p>Nacional &#8211; 45\u20ac<\/p>\n<p>[\/et_pb_text][\/et_pb_column][et_pb_column type=\u00bb1_4&#8243; _builder_version=\u00bb4.20.4&#8243; _module_preset=\u00bbdefault\u00bb custom_padding=\u00bb15px|5px|15px|5px|true|true\u00bb global_colors_info=\u00bb{}\u00bb][et_pb_text _builder_version=\u00bb4.20.4&#8243; _module_preset=\u00bbdefault\u00bb text_font=\u00bb|600||on|||||\u00bb text_text_color=\u00bb#000000&#8243; text_font_size=\u00bb14px\u00bb text_line_height=\u00bb1.2em\u00bb background_color=\u00bbrgba(0,157,255,0.2)\u00bb text_orientation=\u00bbcenter\u00bb custom_padding=\u00bb10px|15px|10px|15px|true|true\u00bb border_radii=\u00bboff|5px|5px||\u00bb global_colors_info=\u00bb{}\u00bb]<\/p>\n<p>Licencias competidoras territoriales<\/p>\n<p>[\/et_pb_text][et_pb_text _builder_version=\u00bb4.21.0&#8243; _module_preset=\u00bbdefault\u00bb text_font=\u00bb|600|||||||\u00bb text_font_size=\u00bb14px\u00bb background_color=\u00bb#ffffff\u00bb text_orientation=\u00bbcenter\u00bb custom_margin=\u00bb0px||||false|false\u00bb custom_padding=\u00bb10px||10px||true|false\u00bb border_width_all=\u00bb1px\u00bb border_color_all=\u00bbrgba(56,182,255,0.2)\u00bb global_colors_info=\u00bb{}\u00bb]<\/p>\n<p>Licencia Territorial Competidor &#8211; 95\u20ac<\/p>\n<p>[\/et_pb_text][et_pb_text _builder_version=\u00bb4.20.4&#8243; _module_preset=\u00bbdefault\u00bb text_font=\u00bb|600|||||||\u00bb text_font_size=\u00bb14px\u00bb background_color=\u00bb#ffffff\u00bb text_orientation=\u00bbcenter\u00bb custom_margin=\u00bb0px||||false|false\u00bb custom_padding=\u00bb10px||10px||true|false\u00bb border_width_all=\u00bb1px\u00bb border_color_all=\u00bbrgba(56,182,255,0.2)\u00bb global_colors_info=\u00bb{}\u00bb]<\/p>\n<p>Promoci\u00f3n (hasta 14 a\u00f1os s\u00f3lo para pruebas promoci\u00f3n) &#8211; 65\u20ac<\/p>\n<p>[\/et_pb_text][\/et_pb_column][et_pb_column type=\u00bb1_4&#8243; _builder_version=\u00bb4.20.4&#8243; _module_preset=\u00bbdefault\u00bb custom_padding=\u00bb15px|5px|15px|5px|true|true\u00bb global_colors_info=\u00bb{}\u00bb][et_pb_text _builder_version=\u00bb4.21.0&#8243; _module_preset=\u00bbdefault\u00bb text_font=\u00bb|600||on|||||\u00bb text_text_color=\u00bb#000000&#8243; text_font_size=\u00bb14px\u00bb text_line_height=\u00bb1.2em\u00bb background_color=\u00bbrgba(0,157,255,0.2)\u00bb text_orientation=\u00bbcenter\u00bb custom_padding=\u00bb10px|15px|10px|15px|true|true\u00bb border_radii=\u00bboff|5px|5px||\u00bb global_colors_info=\u00bb{}\u00bb]<\/p>\n<p>Licencias no competidoras (paseo)<\/p>\n<p>[\/et_pb_text][et_pb_text _builder_version=\u00bb4.20.4&#8243; _module_preset=\u00bbdefault\u00bb text_font=\u00bb|600|||||||\u00bb text_font_size=\u00bb14px\u00bb background_color=\u00bb#ffffff\u00bb text_orientation=\u00bbcenter\u00bb custom_margin=\u00bb0px||||false|false\u00bb custom_padding=\u00bb10px||10px||true|false\u00bb border_width_all=\u00bb1px\u00bb border_color_all=\u00bbrgba(56,182,255,0.2)\u00bb global_colors_info=\u00bb{}\u00bb]<\/p>\n<p>Mayores y menores de 14 a\u00f1os &#8211; 75\u20ac<\/p>\n<p>[\/et_pb_text][et_pb_text _builder_version=\u00bb4.20.4&#8243; _module_preset=\u00bbdefault\u00bb text_font=\u00bb|600|||||||\u00bb text_font_size=\u00bb14px\u00bb background_color=\u00bb#ffffff\u00bb text_orientation=\u00bbcenter\u00bb custom_margin=\u00bb0px||||false|false\u00bb custom_padding=\u00bb10px||10px||true|false\u00bb border_width_all=\u00bb1px\u00bb border_color_all=\u00bbrgba(56,182,255,0.2)\u00bb global_colors_info=\u00bb{}\u00bb]<\/p>\n<p>Cursillo 1 mes &#8211; 25\u20ac<\/p>\n<p>[\/et_pb_text][et_pb_text _builder_version=\u00bb4.20.4&#8243; _module_preset=\u00bbdefault\u00bb text_font=\u00bb|600|||||||\u00bb text_font_size=\u00bb14px\u00bb background_color=\u00bb#ffffff\u00bb text_orientation=\u00bbcenter\u00bb custom_margin=\u00bb0px||||false|false\u00bb custom_padding=\u00bb10px||10px||true|false\u00bb border_width_all=\u00bb1px\u00bb border_color_all=\u00bbrgba(56,182,255,0.2)\u00bb global_colors_info=\u00bb{}\u00bb]<\/p>\n<p>Cursillo 3 meses &#8211; 45\u20ac<\/p>\n<p>[\/et_pb_text][\/et_pb_column][\/et_pb_row][et_pb_row _builder_version=\u00bb4.24.0&#8243; _module_preset=\u00bbdefault\u00bb custom_padding=\u00bb||||false|false\u00bb global_colors_info=\u00bb{}\u00bb][et_pb_column type=\u00bb4_4&#8243; _builder_version=\u00bb4.24.0&#8243; _module_preset=\u00bbdefault\u00bb global_colors_info=\u00bb{}\u00bb][et_pb_blurb image=\u00bbhttps:\/\/federacioncanariadehipica.es\/inicio\/wp-content\/uploads\/2023\/12\/2.png\u00bb icon_placement=\u00bbleft\u00bb image_icon_width=\u00bb72px\u00bb content_max_width=\u00bb100%\u00bb _builder_version=\u00bb4.24.0&#8243; _module_preset=\u00bbdefault\u00bb header_font_size=\u00bb24px\u00bb body_font=\u00bbCormorant SC|700|||||||\u00bb body_font_size=\u00bb24px\u00bb body_line_height=\u00bb1.5em\u00bb background_color=\u00bb#ffffff\u00bb custom_padding=\u00bb30px|30px|30px|30px|true|true\u00bb custom_padding_tablet=\u00bb30px|30px|30px|30px|true|true\u00bb custom_padding_phone=\u00bb20px|20px|20px|20px|true|true\u00bb custom_padding_last_edited=\u00bbon|phone\u00bb header_font_size_tablet=\u00bb24px\u00bb header_font_size_phone=\u00bb20px\u00bb header_font_size_last_edited=\u00bbon|phone\u00bb body_font_size_tablet=\u00bb\u00bb body_font_size_phone=\u00bb20px\u00bb body_font_size_last_edited=\u00bbon|phone\u00bb body_line_height_tablet=\u00bb1em\u00bb body_line_height_phone=\u00bb1em\u00bb body_line_height_last_edited=\u00bbon|tablet\u00bb border_radii=\u00bbon|12px|12px|12px|12px\u00bb box_shadow_style=\u00bbpreset3&#8243; global_colors_info=\u00bb{}\u00bb]<\/p>\n<p>Tarjeta deportiva nacional: Licencia de asistencia, <span style=\"text-decoration: underline; color: #000000;\"><strong>NO es para JINETES<\/strong><\/span>, no se encontrar\u00edan cubiertos en caso de accidente<\/p>\n<p>[\/et_pb_blurb][et_pb_blurb title=\u00bbLas licencias tienen vigencia hasta el 31 de diciembre del a\u00f1o en curso\u00bb image=\u00bbhttps:\/\/federacioncanariadehipica.es\/inicio\/wp-content\/uploads\/2023\/12\/3.png\u00bb icon_placement=\u00bbleft\u00bb image_icon_width=\u00bb72px\u00bb content_max_width=\u00bb100%\u00bb _builder_version=\u00bb4.24.0&#8243; _module_preset=\u00bbdefault\u00bb header_font_size=\u00bb24px\u00bb background_color=\u00bb#ffffff\u00bb custom_padding=\u00bb30px|30px|30px|30px|true|true\u00bb custom_padding_tablet=\u00bb30px|30px|30px|30px|true|true\u00bb custom_padding_phone=\u00bb20px|20px|20px|20px|true|true\u00bb custom_padding_last_edited=\u00bbon|phone\u00bb header_font_size_tablet=\u00bb24px\u00bb header_font_size_phone=\u00bb20px\u00bb header_font_size_last_edited=\u00bbon|phone\u00bb body_font_size_tablet=\u00bb\u00bb body_font_size_phone=\u00bb14px\u00bb body_font_size_last_edited=\u00bbon|desktop\u00bb body_line_height_tablet=\u00bb\u00bb body_line_height_phone=\u00bb\u00bb body_line_height_last_edited=\u00bbon|desktop\u00bb border_radii=\u00bbon|12px|12px|12px|12px\u00bb box_shadow_style=\u00bbpreset3&#8243; global_colors_info=\u00bb{}\u00bb]<\/p>\n<p>Tenga en cuenta que independientemente de la fecha en la que pague su licencia su caducidad no cambiar\u00e1. Caducar\u00e1 el 31 de diciembre del a\u00f1o en el que se haya realizado el Alta\/Renovaci\u00f3n.<\/p>\n<p>[\/et_pb_blurb][et_pb_blurb title=\u00bbLas licencias de cursillo tienen vigencia en funci\u00f3n de la categor\u00eda elegida (1 o 3 meses)\u00bb image=\u00bbhttps:\/\/federacioncanariadehipica.es\/inicio\/wp-content\/uploads\/2023\/12\/4.png\u00bb icon_placement=\u00bbleft\u00bb image_icon_width=\u00bb72px\u00bb content_max_width=\u00bb100%\u00bb _builder_version=\u00bb4.24.0&#8243; _module_preset=\u00bbdefault\u00bb header_font_size=\u00bb24px\u00bb background_color=\u00bb#ffffff\u00bb custom_padding=\u00bb30px|30px|30px|30px|true|true\u00bb custom_padding_tablet=\u00bb30px|30px|30px|30px|true|true\u00bb custom_padding_phone=\u00bb20px|20px|20px|20px|true|true\u00bb custom_padding_last_edited=\u00bbon|phone\u00bb header_font_size_tablet=\u00bb24px\u00bb header_font_size_phone=\u00bb20px\u00bb header_font_size_last_edited=\u00bbon|phone\u00bb body_font_size_tablet=\u00bb\u00bb body_font_size_phone=\u00bb14px\u00bb body_font_size_last_edited=\u00bbon|desktop\u00bb body_line_height_tablet=\u00bb\u00bb body_line_height_phone=\u00bb\u00bb body_line_height_last_edited=\u00bbon|desktop\u00bb border_radii=\u00bbon|12px|12px|12px|12px\u00bb box_shadow_style=\u00bbpreset3&#8243; global_colors_info=\u00bb{}\u00bb]<\/p>\n<p>Tenga en cuenta que en el caso de licencias de 3 meses de duraci\u00f3n que sean solicitadas durante los tres \u00faltimos meses del a\u00f1o, su vigencia ser\u00e1 hasta el 31 de diciembre del a\u00f1o en curso.<\/p>\n<p>[\/et_pb_blurb][et_pb_text _builder_version=\u00bb4.25.0&#8243; _module_preset=\u00bbdefault\u00bb header_3_text_align=\u00bbcenter\u00bb header_4_text_align=\u00bbcenter\u00bb header_4_font_size=\u00bb20px\u00bb custom_margin=\u00bb||-1px|||\u00bb hover_enabled=\u00bb0&#8243; header_4_font_size_tablet=\u00bb18px\u00bb header_4_font_size_phone=\u00bb18px\u00bb header_4_font_size_last_edited=\u00bbon|phone\u00bb global_colors_info=\u00bb{}\u00bb sticky_enabled=\u00bb0&#8243;]<\/p>\n<h4>Ahora que ha le\u00eddo estas indicaciones, puede continuar a su alta\/renovaci\u00f3n\/homologaci\u00f3n de licencia de deportista:<\/h4>\n<p>[\/et_pb_text][et_pb_button button_url=\u00bbhttps:\/\/www.cbservicios.net\/Magic94Scripts\/Mgrqispi94.dll?APPNAME=CBRFHE&#038;PRGNAME=FHTLICPERP00&#038;ARGUMENTS=-A05&#8243; url_new_window=\u00bbon\u00bb button_text=\u00bbAlta\/renovaci\u00f3n\/homologaci\u00f3n\u00bb button_alignment=\u00bbcenter\u00bb _builder_version=\u00bb4.25.0&#8243; _module_preset=\u00bbdefault\u00bb custom_button=\u00bbon\u00bb button_text_size=\u00bb14px\u00bb button_text_color=\u00bb#000000&#8243; button_bg_color=\u00bb#D7BA59&#8243; button_border_width=\u00bb0px\u00bb button_border_radius=\u00bb0px\u00bb button_font=\u00bbCormorant SC|700||on|||||\u00bb button_icon=\u00bb&#xf067;||fa||900&#8243; button_icon_color=\u00bb#000000&#8243; button_icon_placement=\u00bbleft\u00bb button_on_hover=\u00bboff\u00bb custom_margin=\u00bb20px||20px||true|false\u00bb hover_enabled=\u00bb0&#8243; button_text_size_tablet=\u00bb14px\u00bb button_text_size_phone=\u00bb12px\u00bb button_text_size_last_edited=\u00bbon|tablet\u00bb locked=\u00bboff\u00bb global_colors_info=\u00bb{}\u00bb transform_styles__hover_enabled=\u00bbon|hover\u00bb transform_scale__hover_enabled=\u00bbon|hover\u00bb transform_translate__hover_enabled=\u00bbon|desktop\u00bb transform_rotate__hover_enabled=\u00bbon|desktop\u00bb transform_skew__hover_enabled=\u00bbon|desktop\u00bb transform_origin__hover_enabled=\u00bbon|desktop\u00bb transform_scale__hover=\u00bb105%|105%\u00bb sticky_enabled=\u00bb0&#8243;][\/et_pb_button][\/et_pb_column][\/et_pb_row][\/et_pb_section]<\/p>\n","protected":false},"excerpt":{"rendered":"<p>Lea atentamente lo expuesto en esta p\u00e1gina antes de continuar con su licencia de deportistaRecuerde:Aseg\u00farese antes de empezar el proceso de Alta\/Renovaci\u00f3n sobre cu\u00e1l es la licencia que requiere seg\u00fan [&hellip;]<\/p>\n","protected":false},"author":1,"featured_media":0,"parent":0,"menu_order":0,"comment_status":"closed","ping_status":"closed","template":"","meta":{"_acf_changed":false,"_et_pb_use_builder":"on","_et_pb_old_content":"","_et_gb_content_width":"","footnotes":""},"class_list":["post-16868","page","type-page","status-publish","hentry"],"acf":[],"_links":{"self":[{"href":"https:\/\/federacioncanariadehipica.es\/inicio\/wp-json\/wp\/v2\/pages\/16868","targetHints":{"allow":["GET"]}}],"collection":[{"href":"https:\/\/federacioncanariadehipica.es\/inicio\/wp-json\/wp\/v2\/pages"}],"about":[{"href":"https:\/\/federacioncanariadehipica.es\/inicio\/wp-json\/wp\/v2\/types\/page"}],"author":[{"embeddable":true,"href":"https:\/\/federacioncanariadehipica.es\/inicio\/wp-json\/wp\/v2\/users\/1"}],"replies":[{"embeddable":true,"href":"https:\/\/federacioncanariadehipica.es\/inicio\/wp-json\/wp\/v2\/comments?post=16868"}],"version-history":[{"count":8,"href":"https:\/\/federacioncanariadehipica.es\/inicio\/wp-json\/wp\/v2\/pages\/16868\/revisions"}],"predecessor-version":[{"id":17432,"href":"https:\/\/federacioncanariadehipica.es\/inicio\/wp-json\/wp\/v2\/pages\/16868\/revisions\/17432"}],"wp:attachment":[{"href":"https:\/\/federacioncanariadehipica.es\/inicio\/wp-json\/wp\/v2\/media?parent=16868"}],"curies":[{"name":"wp","href":"https:\/\/api.w.org\/{rel}","templated":true}]}}