{"id":13335,"date":"2023-05-08T10:48:14","date_gmt":"2023-05-08T09:48:14","guid":{"rendered":"https:\/\/federacioncanariadehipica.es\/inicio\/?page_id=13335"},"modified":"2023-05-09T09:36:03","modified_gmt":"2023-05-09T08:36:03","slug":"aviso-legal","status":"publish","type":"page","link":"https:\/\/federacioncanariadehipica.es\/inicio\/aviso-legal\/","title":{"rendered":"Aviso Legal"},"content":{"rendered":"<p>[et_pb_section fb_built=\u00bb1&#8243; _builder_version=\u00bb4.21.0&#8243; _module_preset=\u00bbdefault\u00bb background_color=\u00bbrgba(0,0,0,0.75)\u00bb background_image=\u00bbhttps:\/\/federacioncanariadehipica.es\/inicio\/wp-content\/uploads\/2023\/04\/fondoclubes-scaled.jpg\u00bb background_blend=\u00bbmultiply\u00bb custom_margin=\u00bb120px||||false|false\u00bb custom_margin_tablet=\u00bb0px||||false|false\u00bb custom_margin_phone=\u00bb0px||||false|false\u00bb custom_margin_last_edited=\u00bbon|phone\u00bb custom_padding=\u00bb||40px||false|false\u00bb hover_enabled=\u00bb0&#8243; locked=\u00bboff\u00bb global_colors_info=\u00bb{}\u00bb sticky_enabled=\u00bb0&#8243;][et_pb_row _builder_version=\u00bb4.20.4&#8243; _module_preset=\u00bbdefault\u00bb max_width=\u00bb1080px\u00bb global_colors_info=\u00bb{}\u00bb][et_pb_column type=\u00bb4_4&#8243; _builder_version=\u00bb4.20.4&#8243; _module_preset=\u00bbdefault\u00bb global_colors_info=\u00bb{}\u00bb][et_pb_text _builder_version=\u00bb4.20.4&#8243; _module_preset=\u00bbdefault\u00bb text_text_color=\u00bb#F1F0F0&#8243; header_font=\u00bb|700||on|||||\u00bb header_text_align=\u00bbcenter\u00bb header_text_color=\u00bb#F1F0F0&#8243; header_font_size=\u00bb36px\u00bb header_line_height=\u00bb1.2em\u00bb text_orientation=\u00bbcenter\u00bb custom_margin=\u00bb||||false|false\u00bb text_font_size_tablet=\u00bb\u00bb text_font_size_phone=\u00bb14px\u00bb text_font_size_last_edited=\u00bbon|phone\u00bb header_font_size_tablet=\u00bb26px\u00bb header_font_size_phone=\u00bb22px\u00bb header_font_size_last_edited=\u00bbon|tablet\u00bb global_colors_info=\u00bb{}\u00bb]<\/p>\n<h1>Aviso Legal<\/h1>\n<p>[\/et_pb_text][\/et_pb_column][\/et_pb_row][\/et_pb_section][et_pb_section fb_built=\u00bb1&#8243; _builder_version=\u00bb4.20.4&#8243; _module_preset=\u00bbdefault\u00bb background_color=\u00bb#F1F0F0&#8243; global_colors_info=\u00bb{}\u00bb][et_pb_row _builder_version=\u00bb4.20.4&#8243; _module_preset=\u00bbdefault\u00bb global_colors_info=\u00bb{}\u00bb][et_pb_column type=\u00bb4_4&#8243; _builder_version=\u00bb4.20.4&#8243; _module_preset=\u00bbdefault\u00bb global_colors_info=\u00bb{}\u00bb][et_pb_text _builder_version=\u00bb4.20.4&#8243; _module_preset=\u00bbdefault\u00bb header_2_font_size=\u00bb22px\u00bb header_2_font_size_tablet=\u00bb20px\u00bb header_2_font_size_phone=\u00bb18px\u00bb header_2_font_size_last_edited=\u00bbon|phone\u00bb global_colors_info=\u00bb{}\u00bb]<\/p>\n<p><span>En el presente Aviso Legal, el Usuario, podr\u00e1 encontrar toda la informaci\u00f3n relativa a las condiciones legales que definen las relaciones entre los usuarios y el responsable de la p\u00e1gina web accesible en la direcci\u00f3n\u00a0URL<strong>\u00a0www.federacioncanariadehipica.es<\/strong> (en adelante, el sitio web), que la <strong>Federaci\u00f3n Canaria de H\u00edpica<\/strong>\u00a0pone a disposici\u00f3n de los usuarios de Internet.\u00a0<\/span><span>La utilizaci\u00f3n del sitio web implica la aceptaci\u00f3n plena y sin reservas de todas y cada una de las disposiciones incluidas en este Aviso Legal. En consecuencia, el usuario del sitio web debe leer atentamente el presente Aviso Legal en cada una de las ocasiones en que se proponga utilizar la web, ya que el texto podr\u00eda sufrir modificaciones a criterio del titular de la web, o a causa de un cambio legislativo, jurisprudencial o en la pr\u00e1ctica empresarial.<\/span><\/p>\n<h2>1.- Datos del responsable y titular del sitio web.<\/h2>\n<p><span>Federaci\u00f3n Canaria de H\u00edpica<\/span><br \/><span>CIF: Q3878019C<\/span><br \/><span>Direcci\u00f3n: C\/ Le\u00f3n y Castillo, 26, 3\u00ba, 35003, Las Palmas de Gran Canaria, Espa\u00f1a.<\/span><br \/><span>Tel\u00e9fono: <a href=\"tel:34928366908\">928 366 908 Ext 2<\/a>\u00a0<\/span><br \/><span>Correo electr\u00f3nico:<\/span><span>\u00a0<\/span><a href=\"mailto:mcarmensecretaria@federacioncanariadehipica.com\">mcarmensecretaria@federacioncanariadehipica.com<\/a><\/p>\n<p>La <strong>Federaci\u00f3n Canaria de H\u00edpica<\/strong><span>\u00a0<\/span>es la responsable del Sitio Web y se compromete a cumplir con todos los requisitos nacionales y europeos que regulan el uso de los datos personales de los usuarios.<\/p>\n<p>Este Sitio Web garantiza la protecci\u00f3n y confidencialidad de los datos personales que nos proporcionen de acuerdo con lo dispuesto en el Reglamento General de Protecci\u00f3n de Datos de Car\u00e1cter Personal (UE) 2016\/679 del Parlamento Europeo y del Consejo, de 27 de abril de 2016, en la Ley Org\u00e1nica 3\/2018, de Protecci\u00f3n de Datos Personales y garant\u00eda de los derechos digitales, as\u00ed como en la Ley de Servicios de la Sociedad de la Informaci\u00f3n y Comercio Electr\u00f3nico 34\/2002 de 11 de Julio (LSSI-CE).<\/p>\n<p>&nbsp;<\/p>\n<h2>2.- Objeto.<\/h2>\n<p>El sitio web facilita a los usuarios del mismo el acceso a informaci\u00f3n y servicios prestados por la<span> <strong>Federaci\u00f3n Canaria de H\u00edpica<\/strong><\/span><span>\u00a0<\/span>a aquellas personas u organizaciones interesadas en los mismos.<\/p>\n<p>El acceso y la utilizaci\u00f3n del Sitio Web atribuye la condici\u00f3n de usuario del Sitio Web (en adelante, el \u201cUsuario\u201d) e implica la aceptaci\u00f3n de todas las condiciones incluidas en este Aviso Legal as\u00ed como de sus modificaciones. La prestaci\u00f3n del servicio del Sitio Web tiene una duraci\u00f3n limitada al momento en el que el Usuario se encuentre conectado al Sitio Web o a alguno de los servicios que a trav\u00e9s del mismo se facilitan. Por tanto, el Usuario debe leer atentamente el presente Aviso Legal en cada una de las ocasiones en que se proponga utilizar el Sitio Web, ya que \u00e9ste y sus condiciones de uso recogidas en el presente Aviso Legal pueden sufrir modificaciones.<\/p>\n<p>&nbsp;<\/p>\n<h2>3.- Acceso y utilizaci\u00f3n de la Web.<\/h2>\n<p>3.1.- Car\u00e1cter gratuito del acceso y utilizaci\u00f3n de la web. El acceso a la web tiene car\u00e1cter gratuito para los usuarios de la misma, salvo en lo relativo al coste de la conexi\u00f3n a trav\u00e9s de la red de telecomunicaciones suministrada por el proveedor de acceso contratado por los usuarios.<br \/>3.2.- Registro de usuarios. Con car\u00e1cter general el acceso y utilizaci\u00f3n de la web no exige la previa suscripci\u00f3n o registro de los usuarios de la misma.<br \/>3.3.- Los usuarios garantizan y responden, en cualquier caso, de la exactitud, vigencia y autenticidad de los datos personales facilitados, y se comprometen a mantenerlos debidamente actualizados. El usuario acepta proporcionar informaci\u00f3n completa y correcta en el formulario de contacto o suscripci\u00f3n.<\/p>\n<p>En ning\u00fan caso se recabar\u00e1n del menor de edad datos relativos a la situaci\u00f3n profesional, econ\u00f3mica o a la intimidad de los otros miembros de la familia, sin el consentimiento de \u00e9stos. Si eres menor de trece a\u00f1os y has accedido a este sitio web sin avisar a tus padres no debes registrarte como usuario.<\/p>\n<p>En esta web se respetan y cuidan los datos personales de los usuarios. Como usuario debes saber que tus derechos est\u00e1n garantizados.<\/p>\n<p>&nbsp;<\/p>\n<h2>4.- Contenido de la Web.<\/h2>\n<p><span>El idioma utilizado por el titular en la web ser\u00e1 el castellano. la <strong>Federaci\u00f3n Canaria de H\u00edpica<\/strong>\u00a0no se responsabiliza de la no comprensi\u00f3n o entendimiento del idioma de la web por el usuario, ni de sus consecuencias.<\/span><br \/><span><\/span><\/p>\n<p><span>La <strong>Federaci\u00f3n Canaria de H\u00edpica<\/strong> podr\u00e1 modificar los contenidos sin previo aviso, as\u00ed como suprimir y cambiar \u00e9stos dentro de la web, como la forma en que se accede a \u00e9stos, sin justificaci\u00f3n alguna y libremente, no responsabiliz\u00e1ndose de las consecuencias que los mismos puedan ocasionar a los usuarios.<\/span><\/p>\n<p><span>Se proh\u00edbe el uso de los contenidos de la web para promocionar, contratar o divulgar publicidad o informaci\u00f3n propia o de terceras personas sin la autorizaci\u00f3n de la <strong>Federaci\u00f3n Canaria de H\u00edpica<\/strong>, ni remitir publicidad o informaci\u00f3n vali\u00e9ndose para ello de los servicios o informaci\u00f3n que se ponen a disposici\u00f3n de los usuarios, independientemente de si la utilizaci\u00f3n es gratuita o no.<\/span><\/p>\n<p><span>Los enlaces o hiperenlaces que incorporen terceros en sus p\u00e1ginas web, dirigidos a esta web, ser\u00e1n para la apertura de la p\u00e1gina web completa, no pudiendo manifestar, directa o indirectamente, indicaciones falsas, inexactas o confusas, ni incurrir en acciones desleales o il\u00edcitas en contra de la <strong>Federaci\u00f3n Canaria de H\u00edpica<\/strong><strong>.<\/strong><\/span><\/p>\n<p><span><\/span><\/p>\n<h2>5.- Medidas de seguridad.<\/h2>\n<p><span>Los datos personales comunicados por el usuario podr\u00e1n ser almacenados en bases de datos automatizadas o no, cuya titularidad corresponde en exclusiva a Los datos personales comunicados por el usuario podr\u00e1n ser almacenados en bases de datos automatizadas o no, cuya titularidad corresponde en exclusiva a la <strong>Federaci\u00f3n Canaria de H\u00edpica<\/strong>, asumiendo todas las medidas de \u00edndole t\u00e9cnica, organizativa y de seguridad que garanticen la confidencialidad, integridad y calidad de la informaci\u00f3n contenida en las mismas de acuerdo con lo establecido en las normativas vigentes en materia de protecci\u00f3n de datos de car\u00e1cter personal.<\/span><\/p>\n<p><span><\/span><\/p>\n<h2>6.- Limitaci\u00f3n de responsabilidad.<\/h2>\n<p><span>Tanto el acceso a la web como el uso no consentido que pueda efectuarse de la informaci\u00f3n contenida en la misma es de la exclusiva responsabilidad de quien lo realiza. la <strong>Federaci\u00f3n Canaria de H\u00edpica<\/strong> no responder\u00e1 de ninguna consecuencia, da\u00f1o o perjuicio que pudieran derivarse de dicho acceso o uso. la <strong>Federaci\u00f3n Canaria de H\u00edpica<\/strong>\u00a0no se hace responsable de los errores de seguridad, que se puedan producir ni de los da\u00f1os que puedan causarse al sistema inform\u00e1tico del usuario (hardware y software), o a los ficheros o documentos almacenados en el mismo, como consecuencia de:<\/span><\/p>\n<p><span>\u2013 La presencia de un virus en el ordenador del usuario que sea utilizado para la conexi\u00f3n a los servicios y contenidos de la web.<\/span><br \/><span>\u2013 Un mal funcionamiento del navegador.<\/span><\/p>\n<p><span>\u2013 Y\/o del uso de versiones no actualizadas del mismo.<\/span><\/p>\n<p><span>La <strong>Federaci\u00f3n Canaria de H\u00edpica<\/strong> no se hace responsable de la fiabilidad y rapidez de los hiperenlaces que se incorporen en la web para la apertura de otras. La <strong>Federaci\u00f3n Canaria de H\u00edpica<\/strong>\u00a0no garantiza la utilidad de estos enlaces, ni se responsabiliza de los contenidos o servicios a los que pueda acceder el usuario por medio de estos enlaces, ni del buen funcionamiento de estas webs.<\/span><br \/><span>La <strong>Federaci\u00f3n Canaria de H\u00edpica<\/strong> no ser\u00e1 responsable de los virus o dem\u00e1s programas inform\u00e1ticos que deterioren o puedan deteriorar los sistemas o equipos inform\u00e1ticos de los usuarios al acceder a su web u otras webs a las que se haya accedido mediante enlaces de esta web.<\/span><\/p>\n<p><span><\/span><\/p>\n<h2>7.- Empleo de la tecnolog\u00eda \u201cCookie\u201d.<\/h2>\n<p><span>El Sitio Web puede emplear cookies o tecnolog\u00edas similares que se regir\u00e1n por lo establecido en la\u00a0<a href=\"https:\/\/federacioncanariadehipica.es\/inicio\/politica-cookies\/\">Pol\u00edtica de Cookies<\/a>, accesible en todo momento y respetando la confidencialidad e intimidad del usuario, siendo parte integrante del presente Aviso Legal.<\/span><\/p>\n<p><span><\/span><\/p>\n<h2>8.- Navegaci\u00f3n.<\/h2>\n<p><span>Los servidores de Internet pueden recoger datos no identificables, que puedan incluir, direcciones IP, y otros datos que no pueden ser utilizados para identificar al usuario. Su direcci\u00f3n IP se almacenar\u00e1 en los logs de acceso de forma autom\u00e1tica y con la \u00fanica finalidad de permitir el tr\u00e1nsito por Internet, siendo necesario que su equipo facilite esta direcci\u00f3n IP cuando navega por Internet para que las comunicaciones puedan realizarse. As\u00ed mismo, la direcci\u00f3n IP podr\u00e1 ser utilizada para realizar estad\u00edsticas, de manera anonimizada, sobre el n\u00famero de visitantes de esta web y su procedencia, de forma totalmente transparente a su navegaci\u00f3n.<\/span><span><\/span><\/p>\n<p><span><\/span><\/p>\n<h2>9.- Propiedad intelectual e industrial.<\/h2>\n<p><span>El usuario conoce y acepta que todos los contenidos y\/o cualesquiera otros elementos del sitio web son propiedad de la <strong>Federaci\u00f3n Canaria de H\u00edpica<\/strong>, y se compromete a respetar los derechos de propiedad intelectual e industrial titularidad de la <strong>Federaci\u00f3n Canaria de H\u00edpica<\/strong><strong>.\u00a0<\/strong><\/span><span>Cualquier uso de la web o sus contenidos deber\u00e1 tener un car\u00e1cter exclusivamente particular.<\/span><br \/><span><\/span><\/p>\n<p><span>Est\u00e1 reservado exclusivamente a la <strong>Federaci\u00f3n Canaria de H\u00edpica<\/strong>, cualquier otro uso que suponga la copia, reproducci\u00f3n, distribuci\u00f3n, transformaci\u00f3n, comunicaci\u00f3n p\u00fablica o cualquier otra acci\u00f3n similar, de todo o parte de los contenidos de la web, por lo que ning\u00fan usuario podr\u00e1 llevar a cabo estas acciones sin la autorizaci\u00f3n previa y por escrito de la <strong>Federaci\u00f3n Canaria de H\u00edpica<\/strong><strong>.<\/strong><\/span><\/p>\n<p><span><\/span><\/p>\n<h2>10.- Legislaci\u00f3n aplicable y jurisdicci\u00f3n competente.<\/h2>\n<p><span>El presente Aviso Legal se interpretar\u00e1 y regir\u00e1 de conformidad con la legislaci\u00f3n espa\u00f1ola. La <strong>Federaci\u00f3n Canaria de H\u00edpica<\/strong> y los usuarios, con renuncia expresa a cualquier otro fuero que pudiera corresponderles, se someten al de los juzgados y tribunales del domicilio del usuario para cualquier controversia que pudiera derivarse del acceso o uso de la web. En el caso de que el usuario tenga su domicilio fuera de Espa\u00f1a, la <strong>Federaci\u00f3n Canaria de H\u00edpica<\/strong> y el usuario, se someten, con renuncia expresa a cualquier otro fuero, a los juzgados y tribunales del municipio de Las Palmas de Gran Canaria.<\/span><\/p>\n<p>[\/et_pb_text][\/et_pb_column][\/et_pb_row][\/et_pb_section]<\/p>\n","protected":false},"excerpt":{"rendered":"<p>Aviso LegalEn el presente Aviso Legal, el Usuario, podr\u00e1 encontrar toda la informaci\u00f3n relativa a las condiciones legales que definen las relaciones entre los usuarios y el responsable de la [&hellip;]<\/p>\n","protected":false},"author":1,"featured_media":0,"parent":0,"menu_order":0,"comment_status":"closed","ping_status":"closed","template":"","meta":{"_acf_changed":false,"_et_pb_use_builder":"on","_et_pb_old_content":"","_et_gb_content_width":"","footnotes":""},"class_list":["post-13335","page","type-page","status-publish","hentry"],"acf":[],"_links":{"self":[{"href":"https:\/\/federacioncanariadehipica.es\/inicio\/wp-json\/wp\/v2\/pages\/13335","targetHints":{"allow":["GET"]}}],"collection":[{"href":"https:\/\/federacioncanariadehipica.es\/inicio\/wp-json\/wp\/v2\/pages"}],"about":[{"href":"https:\/\/federacioncanariadehipica.es\/inicio\/wp-json\/wp\/v2\/types\/page"}],"author":[{"embeddable":true,"href":"https:\/\/federacioncanariadehipica.es\/inicio\/wp-json\/wp\/v2\/users\/1"}],"replies":[{"embeddable":true,"href":"https:\/\/federacioncanariadehipica.es\/inicio\/wp-json\/wp\/v2\/comments?post=13335"}],"version-history":[{"count":4,"href":"https:\/\/federacioncanariadehipica.es\/inicio\/wp-json\/wp\/v2\/pages\/13335\/revisions"}],"predecessor-version":[{"id":13657,"href":"https:\/\/federacioncanariadehipica.es\/inicio\/wp-json\/wp\/v2\/pages\/13335\/revisions\/13657"}],"wp:attachment":[{"href":"https:\/\/federacioncanariadehipica.es\/inicio\/wp-json\/wp\/v2\/media?parent=13335"}],"curies":[{"name":"wp","href":"https:\/\/api.w.org\/{rel}","templated":true}]}}