{"id":11842,"date":"2023-04-26T09:07:43","date_gmt":"2023-04-26T08:07:43","guid":{"rendered":"https:\/\/federacioncanariadehipica.es\/inicio\/?page_id=11842"},"modified":"2026-01-29T08:51:13","modified_gmt":"2026-01-29T08:51:13","slug":"licencia-caballar","status":"publish","type":"page","link":"https:\/\/federacioncanariadehipica.es\/inicio\/licencia-caballar\/","title":{"rendered":"Licencia caballar"},"content":{"rendered":"<p>[et_pb_section fb_built=\u00bb1&#8243; _builder_version=\u00bb4.21.0&#8243; _module_preset=\u00bbdefault\u00bb background_color=\u00bbrgba(0,0,0,0.75)\u00bb background_image=\u00bbhttps:\/\/federacioncanariadehipica.es\/inicio\/wp-content\/uploads\/2023\/04\/fondocalendario-scaled.jpg\u00bb background_blend=\u00bbmultiply\u00bb custom_margin=\u00bb120px||||false|false\u00bb custom_margin_tablet=\u00bb0px||||false|false\u00bb custom_margin_phone=\u00bb0px||||false|false\u00bb custom_margin_last_edited=\u00bbon|phone\u00bb custom_padding=\u00bb||40px||false|false\u00bb locked=\u00bboff\u00bb global_colors_info=\u00bb{}\u00bb][et_pb_row _builder_version=\u00bb4.20.4&#8243; _module_preset=\u00bbdefault\u00bb max_width=\u00bb1080px\u00bb global_colors_info=\u00bb{}\u00bb][et_pb_column type=\u00bb4_4&#8243; _builder_version=\u00bb4.20.4&#8243; _module_preset=\u00bbdefault\u00bb global_colors_info=\u00bb{}\u00bb][et_pb_text _builder_version=\u00bb4.20.4&#8243; _module_preset=\u00bbdefault\u00bb text_text_color=\u00bb#F1F0F0&#8243; header_font=\u00bb|700||on|||||\u00bb header_text_align=\u00bbcenter\u00bb header_text_color=\u00bb#F1F0F0&#8243; header_font_size=\u00bb36px\u00bb header_line_height=\u00bb1.2em\u00bb text_orientation=\u00bbcenter\u00bb custom_margin=\u00bb||||false|false\u00bb text_font_size_tablet=\u00bb\u00bb text_font_size_phone=\u00bb14px\u00bb text_font_size_last_edited=\u00bbon|phone\u00bb header_font_size_tablet=\u00bb26px\u00bb header_font_size_phone=\u00bb22px\u00bb header_font_size_last_edited=\u00bbon|tablet\u00bb global_colors_info=\u00bb{}\u00bb]<\/p>\n<h1>Licencia caballar<\/h1>\n<p>En esta secci\u00f3n encontrar\u00e1s toda la informaci\u00f3n necesaria para hacer la primera licencia federativa a tu caballo o, si ya lo has federado con anterioridad, renovar la ya existente.<\/p>\n<p>[\/et_pb_text][\/et_pb_column][\/et_pb_row][et_pb_row column_structure=\u00bb1_2,1_2&#8243; _builder_version=\u00bb4.20.4&#8243; _module_preset=\u00bbdefault\u00bb custom_padding=\u00bb0px|||||\u00bb global_colors_info=\u00bb{}\u00bb][et_pb_column type=\u00bb1_2&#8243; _builder_version=\u00bb4.20.4&#8243; _module_preset=\u00bbdefault\u00bb global_colors_info=\u00bb{}\u00bb][et_pb_button button_url=\u00bbhttps:\/\/www.cbservicios.net\/Magic94Scripts\/mgrqispi94.dll?APPNAME=CBRFHE&#038;PRGNAME=RFHETMP1000&#038;ARGUMENTS=-A05&#8243; url_new_window=\u00bbon\u00bb button_text=\u00bbBuscador de licencias\u00bb button_alignment=\u00bbcenter\u00bb _builder_version=\u00bb4.20.4&#8243; _module_preset=\u00bbdefault\u00bb custom_button=\u00bbon\u00bb button_text_size=\u00bb14px\u00bb button_text_color=\u00bb#000000&#8243; button_bg_color=\u00bb#D7BA59&#8243; button_border_width=\u00bb0px\u00bb button_border_radius=\u00bb0px\u00bb button_font=\u00bbCormorant SC|700||on|||||\u00bb button_icon=\u00bb&#x55;||divi||400&#8243; button_icon_color=\u00bb#000000&#8243; button_icon_placement=\u00bbleft\u00bb button_on_hover=\u00bboff\u00bb button_text_size_tablet=\u00bb14px\u00bb button_text_size_phone=\u00bb12px\u00bb button_text_size_last_edited=\u00bbon|tablet\u00bb global_colors_info=\u00bb{}\u00bb transform_styles__hover_enabled=\u00bbon|hover\u00bb transform_scale__hover=\u00bb105%|105%\u00bb transform_scale__hover_enabled=\u00bbon|hover\u00bb transform_translate__hover_enabled=\u00bbon|desktop\u00bb transform_rotate__hover_enabled=\u00bbon|desktop\u00bb transform_skew__hover_enabled=\u00bbon|desktop\u00bb transform_origin__hover_enabled=\u00bbon|desktop\u00bb][\/et_pb_button][\/et_pb_column][et_pb_column type=\u00bb1_2&#8243; _builder_version=\u00bb4.20.4&#8243; _module_preset=\u00bbdefault\u00bb global_colors_info=\u00bb{}\u00bb][et_pb_button button_url=\u00bbhttps:\/\/federacioncanariadehipica.es\/inicio\/previa-licencia-caballar\/\u00bb button_text=\u00bbAlta\/renovaci\u00f3n\/homologaci\u00f3n\u00bb button_alignment=\u00bbcenter\u00bb _builder_version=\u00bb4.25.0&#8243; _module_preset=\u00bbdefault\u00bb custom_button=\u00bbon\u00bb button_text_size=\u00bb14px\u00bb button_text_color=\u00bb#000000&#8243; button_bg_color=\u00bb#D7BA59&#8243; button_border_width=\u00bb0px\u00bb button_border_radius=\u00bb0px\u00bb button_font=\u00bbCormorant SC|700||on|||||\u00bb button_icon=\u00bb&#xf067;||fa||900&#8243; button_icon_color=\u00bb#000000&#8243; button_icon_placement=\u00bbleft\u00bb button_on_hover=\u00bboff\u00bb button_text_size_tablet=\u00bb14px\u00bb button_text_size_phone=\u00bb12px\u00bb button_text_size_last_edited=\u00bbon|tablet\u00bb global_colors_info=\u00bb{}\u00bb transform_styles__hover_enabled=\u00bbon|hover\u00bb transform_scale__hover_enabled=\u00bbon|hover\u00bb transform_translate__hover_enabled=\u00bbon|desktop\u00bb transform_rotate__hover_enabled=\u00bbon|desktop\u00bb transform_skew__hover_enabled=\u00bbon|desktop\u00bb transform_origin__hover_enabled=\u00bbon|desktop\u00bb transform_scale__hover=\u00bb105%|105%\u00bb][\/et_pb_button][\/et_pb_column][\/et_pb_row][\/et_pb_section][et_pb_section fb_built=\u00bb1&#8243; _builder_version=\u00bb4.20.4&#8243; _module_preset=\u00bbdefault\u00bb background_color=\u00bb#000000&#8243; custom_padding=\u00bb0px||0px|||\u00bb global_colors_info=\u00bb{}\u00bb][et_pb_row _builder_version=\u00bb4.20.4&#8243; _module_preset=\u00bbdefault\u00bb custom_padding=\u00bb15px||15px||true|false\u00bb global_colors_info=\u00bb{}\u00bb][et_pb_column type=\u00bb4_4&#8243; _builder_version=\u00bb4.20.4&#8243; _module_preset=\u00bbdefault\u00bb global_colors_info=\u00bb{}\u00bb][et_pb_text _builder_version=\u00bb4.20.4&#8243; _module_preset=\u00bbdefault\u00bb text_font=\u00bb|700||on|||||\u00bb text_text_color=\u00bb#F1F0F0&#8243; link_text_color=\u00bb#F1F0F0&#8243; header_4_text_align=\u00bbcenter\u00bb header_4_text_color=\u00bb#D7BA59&#8243; text_orientation=\u00bbcenter\u00bb text_font_size_tablet=\u00bb12px\u00bb text_font_size_phone=\u00bb10px\u00bb text_font_size_last_edited=\u00bbon|phone\u00bb header_4_font_size_tablet=\u00bb20px\u00bb header_4_font_size_phone=\u00bb16px\u00bb header_4_font_size_last_edited=\u00bbon|phone\u00bb global_colors_info=\u00bb{}\u00bb]<\/p>\n<h4>\u00a1No olvides hacer la transferencia bancaria para hacer efectiva tu licencia!<\/h4>\n<p><span style=\"text-decoration: underline;\"><a href=\"#tarifas\">Haz clic aqu\u00ed para ver tarifas y forma de pago<\/a><\/span><\/p>\n<p>[\/et_pb_text][\/et_pb_column][\/et_pb_row][\/et_pb_section][et_pb_section fb_built=\u00bb1&#8243; _builder_version=\u00bb4.20.4&#8243; _module_preset=\u00bbdefault\u00bb background_color=\u00bb#F1F0F0&#8243; custom_padding=\u00bb||||false|false\u00bb global_colors_info=\u00bb{}\u00bb][et_pb_row _builder_version=\u00bb4.20.4&#8243; _module_preset=\u00bbdefault\u00bb custom_padding=\u00bb0px|||||\u00bb global_colors_info=\u00bb{}\u00bb][et_pb_column type=\u00bb4_4&#8243; _builder_version=\u00bb4.20.4&#8243; _module_preset=\u00bbdefault\u00bb global_colors_info=\u00bb{}\u00bb][et_pb_text _builder_version=\u00bb4.20.4&#8243; _module_preset=\u00bbdefault\u00bb header_2_font=\u00bb|||on|||||\u00bb header_2_text_align=\u00bbcenter\u00bb header_2_font_size=\u00bb28px\u00bb header_2_line_height=\u00bb1.3em\u00bb custom_margin=\u00bb||10px||false|false\u00bb header_2_font_size_tablet=\u00bb24px\u00bb header_2_font_size_phone=\u00bb18px\u00bb header_2_font_size_last_edited=\u00bbon|tablet\u00bb global_colors_info=\u00bb{}\u00bb]<\/p>\n<h2>\u00bfQu\u00e9 ventajas tiene federar a tu caballo?<\/h2>\n<p>[\/et_pb_text][\/et_pb_column][\/et_pb_row][et_pb_row column_structure=\u00bb1_3,1_3,1_3&#8243; use_custom_gutter=\u00bbon\u00bb gutter_width=\u00bb2&#8243; make_equal=\u00bbon\u00bb _builder_version=\u00bb4.20.4&#8243; _module_preset=\u00bbdefault\u00bb background_enable_color=\u00bboff\u00bb custom_padding=\u00bb0px|||||\u00bb global_colors_info=\u00bb{}\u00bb][et_pb_column type=\u00bb1_3&#8243; _builder_version=\u00bb4.20.4&#8243; _module_preset=\u00bbdefault\u00bb background_color=\u00bb#ffffff\u00bb custom_padding=\u00bb30px|30px|30px|30px|true|true\u00bb border_radii=\u00bbon|12px|12px|12px|12px\u00bb box_shadow_style=\u00bbpreset1&#8243; global_colors_info=\u00bb{}\u00bb][et_pb_blurb title=\u00bbAcceso a competiciones\u00bb use_icon=\u00bbon\u00bb font_icon=\u00bb&#xf7ab;||fa||900&#8243; image_icon_width=\u00bb46px\u00bb _builder_version=\u00bb4.20.4&#8243; _module_preset=\u00bbdefault\u00bb header_level=\u00bbh3&#8243; header_font=\u00bb|||on|||||\u00bb header_text_align=\u00bbcenter\u00bb header_font_size=\u00bb18px\u00bb body_font=\u00bb|300|||||||\u00bb body_text_align=\u00bbcenter\u00bb body_font_size=\u00bb14px\u00bb animation=\u00bboff\u00bb global_colors_info=\u00bb{}\u00bb]<\/p>\n<p><span>Al federar a tu caballo, podr\u00e1s participar en competiciones oficiales organizadas por la Federaci\u00f3n. De esta forma podr\u00e1s medir a tu caballo con otros de un nivel similar para mejorar sus habilidades.<\/span><\/p>\n<p>[\/et_pb_blurb][\/et_pb_column][et_pb_column type=\u00bb1_3&#8243; _builder_version=\u00bb4.20.4&#8243; _module_preset=\u00bbdefault\u00bb background_color=\u00bb#ffffff\u00bb custom_padding=\u00bb30px|30px|30px|30px|true|true\u00bb border_radii=\u00bbon|12px|12px|12px|12px\u00bb box_shadow_style=\u00bbpreset1&#8243; global_colors_info=\u00bb{}\u00bb][et_pb_blurb title=\u00bbProtecci\u00f3n\u00bb use_icon=\u00bbon\u00bb font_icon=\u00bb&#xf7f2;||fa||900&#8243; image_icon_width=\u00bb46px\u00bb _builder_version=\u00bb4.21.0&#8243; _module_preset=\u00bbdefault\u00bb header_level=\u00bbh3&#8243; header_font=\u00bb|||on|||||\u00bb header_text_align=\u00bbcenter\u00bb header_font_size=\u00bb18px\u00bb body_font=\u00bb|300|||||||\u00bb body_text_align=\u00bbcenter\u00bb body_font_size=\u00bb14px\u00bb animation=\u00bboff\u00bb global_colors_info=\u00bb{}\u00bb]<\/p>\n<p>La <strong>Federaci\u00f3n Canaria de H\u00edpica<\/strong> expede licencias caballares que traen consigo un seguro de Responsabilidad Civil en caso de que tengas alg\u00fan percance con terceros en el desarrollo de la actividad h\u00edpica.<\/p>\n<p>[\/et_pb_blurb][\/et_pb_column][et_pb_column type=\u00bb1_3&#8243; _builder_version=\u00bb4.20.4&#8243; _module_preset=\u00bbdefault\u00bb background_color=\u00bb#ffffff\u00bb custom_padding=\u00bb30px|30px|30px|30px|true|true\u00bb border_radii=\u00bbon|12px|12px|12px|12px\u00bb box_shadow_style=\u00bbpreset1&#8243; global_colors_info=\u00bb{}\u00bb][et_pb_blurb title=\u00bbFormaci\u00f3n\u00bb use_icon=\u00bbon\u00bb font_icon=\u00bb&#xf201;||fa||900&#8243; image_icon_width=\u00bb46px\u00bb _builder_version=\u00bb4.20.4&#8243; _module_preset=\u00bbdefault\u00bb header_level=\u00bbh3&#8243; header_font=\u00bb|||on|||||\u00bb header_text_align=\u00bbcenter\u00bb header_font_size=\u00bb18px\u00bb body_font=\u00bb|300|||||||\u00bb body_text_align=\u00bbcenter\u00bb body_font_size=\u00bb14px\u00bb animation=\u00bboff\u00bb global_colors_info=\u00bb{}\u00bb]<\/p>\n<p><span>Al federar a tu caballo, tendr\u00e1s acceso a un amplio abanico de entrenamientos o formaciones que pueden mejorar enormemente las habilidades de los deportistas y de los caballos<\/span><\/p>\n<p>[\/et_pb_blurb][\/et_pb_column][\/et_pb_row][\/et_pb_section][et_pb_section fb_built=\u00bb1&#8243; module_id=\u00bbtarifas\u00bb _builder_version=\u00bb4.20.4&#8243; _module_preset=\u00bbdefault\u00bb global_colors_info=\u00bb{}\u00bb][et_pb_row _builder_version=\u00bb4.20.4&#8243; _module_preset=\u00bbdefault\u00bb custom_padding=\u00bb0px|||||\u00bb global_colors_info=\u00bb{}\u00bb][et_pb_column type=\u00bb4_4&#8243; _builder_version=\u00bb4.20.4&#8243; _module_preset=\u00bbdefault\u00bb global_colors_info=\u00bb{}\u00bb][et_pb_text _builder_version=\u00bb4.20.4&#8243; _module_preset=\u00bbdefault\u00bb header_2_font=\u00bb|||on|||||\u00bb header_2_text_align=\u00bbcenter\u00bb header_2_font_size=\u00bb28px\u00bb header_2_line_height=\u00bb1.3em\u00bb custom_margin=\u00bb||10px||false|false\u00bb header_2_font_size_tablet=\u00bb24px\u00bb header_2_font_size_phone=\u00bb18px\u00bb header_2_font_size_last_edited=\u00bbon|tablet\u00bb global_colors_info=\u00bb{}\u00bb]<\/p>\n<h2>Tarifas y forma de pago<\/h2>\n<p>[\/et_pb_text][\/et_pb_column][\/et_pb_row][et_pb_row column_structure=\u00bb1_2,1_2&#8243; use_custom_gutter=\u00bbon\u00bb gutter_width=\u00bb2&#8243; make_equal=\u00bbon\u00bb _builder_version=\u00bb4.20.4&#8243; _module_preset=\u00bbdefault\u00bb background_color=\u00bbRGBA(255,255,255,0)\u00bb custom_padding=\u00bb0px||0px||false|false\u00bb border_width_all=\u00bb0px\u00bb border_color_all=\u00bb#F1F0F0&#8243; locked=\u00bboff\u00bb global_colors_info=\u00bb{}\u00bb][et_pb_column type=\u00bb1_2&#8243; _builder_version=\u00bb4.20.4&#8243; _module_preset=\u00bbdefault\u00bb custom_padding=\u00bb15px|5px|15px|5px|true|true\u00bb global_colors_info=\u00bb{}\u00bb][et_pb_text _builder_version=\u00bb4.20.4&#8243; _module_preset=\u00bbdefault\u00bb text_font=\u00bb|600||on|||||\u00bb text_text_color=\u00bb#000000&#8243; text_font_size=\u00bb14px\u00bb text_line_height=\u00bb1.2em\u00bb background_color=\u00bbrgba(0,157,255,0.2)\u00bb text_orientation=\u00bbcenter\u00bb width=\u00bb50%\u00bb width_tablet=\u00bb100%\u00bb width_phone=\u00bb100%\u00bb width_last_edited=\u00bbon|tablet\u00bb module_alignment=\u00bbcenter\u00bb custom_margin=\u00bb||0px|||\u00bb custom_padding=\u00bb10px|15px|10px|15px|true|true\u00bb border_radii=\u00bboff|5px|5px||\u00bb global_colors_info=\u00bb{}\u00bb]<\/p>\n<p>Licencias caballares (LAC)<\/p>\n<p>[\/et_pb_text][et_pb_text _builder_version=\u00bb4.21.0&#8243; _module_preset=\u00bbdefault\u00bb text_font=\u00bb|600|||||||\u00bb text_font_size=\u00bb14px\u00bb text_orientation=\u00bbcenter\u00bb width=\u00bb50%\u00bb width_tablet=\u00bb100%\u00bb width_phone=\u00bb100%\u00bb width_last_edited=\u00bbon|desktop\u00bb module_alignment=\u00bbcenter\u00bb custom_margin=\u00bb0px||0px||false|false\u00bb custom_padding=\u00bb10px||10px||true|false\u00bb border_width_all=\u00bb1px\u00bb border_color_all=\u00bbrgba(56,182,255,0.2)\u00bb global_colors_info=\u00bb{}\u00bb]<\/p>\n<p>Competidor Nacional &#8211; 95\u20ac<\/p>\n<p>[\/et_pb_text][et_pb_text _builder_version=\u00bb4.21.0&#8243; _module_preset=\u00bbdefault\u00bb text_font=\u00bb|600|||||||\u00bb text_font_size=\u00bb14px\u00bb text_orientation=\u00bbcenter\u00bb width=\u00bb50%\u00bb width_tablet=\u00bb100%\u00bb width_phone=\u00bb100%\u00bb width_last_edited=\u00bbon|tablet\u00bb module_alignment=\u00bbcenter\u00bb custom_margin=\u00bb0px||0px||false|false\u00bb custom_padding=\u00bb10px||10px||true|false\u00bb border_width_all=\u00bb1px\u00bb border_color_all=\u00bbrgba(56,182,255,0.2)\u00bb global_colors_info=\u00bb{}\u00bb]<\/p>\n<p>Competidor Territorial &#8211; 75\u20ac<\/p>\n<p>[\/et_pb_text][et_pb_text _builder_version=\u00bb4.21.0&#8243; _module_preset=\u00bbdefault\u00bb text_font=\u00bb|600|||||||\u00bb text_font_size=\u00bb14px\u00bb text_orientation=\u00bbcenter\u00bb width=\u00bb50%\u00bb width_tablet=\u00bb100%\u00bb width_phone=\u00bb100%\u00bb width_last_edited=\u00bbon|phone\u00bb module_alignment=\u00bbcenter\u00bb custom_margin=\u00bb0px||0px||false|false\u00bb custom_padding=\u00bb10px||10px||true|false\u00bb border_width_all=\u00bb1px\u00bb border_color_all=\u00bbrgba(56,182,255,0.2)\u00bb global_colors_info=\u00bb{}\u00bb]<\/p>\n<p>Promoci\u00f3n (Clubes) &#8211; 50\u20ac<\/p>\n<p>[\/et_pb_text][et_pb_text _builder_version=\u00bb4.21.0&#8243; _module_preset=\u00bbdefault\u00bb text_font=\u00bb|600|||||||\u00bb text_font_size=\u00bb14px\u00bb text_orientation=\u00bbcenter\u00bb width=\u00bb50%\u00bb width_tablet=\u00bb100%\u00bb width_phone=\u00bb100%\u00bb width_last_edited=\u00bbon|phone\u00bb module_alignment=\u00bbcenter\u00bb custom_margin=\u00bb0px||0px||false|false\u00bb custom_padding=\u00bb10px||10px||true|false\u00bb border_width_all=\u00bb1px\u00bb border_color_all=\u00bbrgba(56,182,255,0.2)\u00bb global_colors_info=\u00bb{}\u00bb]<\/p>\n<p>Libro de Identificaci\u00f3n Caballar (LIC) &#8211; 95\u20ac<\/p>\n<p>[\/et_pb_text][et_pb_text _builder_version=\u00bb4.20.4&#8243; _module_preset=\u00bbdefault\u00bb text_font=\u00bb|600|||||||\u00bb text_font_size=\u00bb14px\u00bb text_orientation=\u00bbcenter\u00bb width=\u00bb50%\u00bb width_tablet=\u00bb100%\u00bb width_phone=\u00bb100%\u00bb width_last_edited=\u00bbon|phone\u00bb module_alignment=\u00bbcenter\u00bb custom_margin=\u00bb0px||0px||false|false\u00bb custom_padding=\u00bb10px||10px||true|false\u00bb border_width_all=\u00bb1px\u00bb border_color_all=\u00bbrgba(56,182,255,0.2)\u00bb global_colors_info=\u00bb{}\u00bb]<\/p>\n<p>Pegatinas renovaci\u00f3n &#8211; 35\u20ac<\/p>\n<p>[\/et_pb_text][et_pb_text _builder_version=\u00bb4.21.0&#8243; _module_preset=\u00bbdefault\u00bb text_font=\u00bb|600|||||||\u00bb text_font_size=\u00bb14px\u00bb text_orientation=\u00bbcenter\u00bb width=\u00bb50%\u00bb width_tablet=\u00bb100%\u00bb width_phone=\u00bb100%\u00bb width_last_edited=\u00bbon|phone\u00bb module_alignment=\u00bbcenter\u00bb custom_margin=\u00bb0px||0px||false|false\u00bb custom_padding=\u00bb10px||10px||true|false\u00bb border_width_all=\u00bb1px\u00bb border_color_all=\u00bbrgba(56,182,255,0.2)\u00bb global_colors_info=\u00bb{}\u00bb]<\/p>\n<p>Libro Validaci\u00f3n deportiva &#8211; 85\u20ac<\/p>\n<p>[\/et_pb_text][et_pb_text _builder_version=\u00bb4.21.0&#8243; _module_preset=\u00bbdefault\u00bb text_font=\u00bb|600|||||||\u00bb text_font_size=\u00bb14px\u00bb text_orientation=\u00bbcenter\u00bb width=\u00bb50%\u00bb width_tablet=\u00bb100%\u00bb width_phone=\u00bb100%\u00bb width_last_edited=\u00bbon|phone\u00bb module_alignment=\u00bbcenter\u00bb custom_margin=\u00bb0px||0px||false|false\u00bb custom_padding=\u00bb10px||10px||true|false\u00bb border_width_all=\u00bb1px\u00bb border_color_all=\u00bbrgba(56,182,255,0.2)\u00bb global_colors_info=\u00bb{}\u00bb]<\/p>\n<p>Tarjeta Validaci\u00f3n deportiva &#8211; 85\u20ac<\/p>\n<p>[\/et_pb_text][et_pb_button button_url=\u00bbhttps:\/\/federacioncanariadehipica.es\/inicio\/wp-content\/uploads\/2024\/03\/PRECIOS-LICENCIAS.pdf\u00bb url_new_window=\u00bbon\u00bb button_text=\u00bbDescargar tarifas\u00bb button_alignment=\u00bbcenter\u00bb _builder_version=\u00bb4.24.2&#8243; _module_preset=\u00bbdefault\u00bb custom_button=\u00bbon\u00bb button_text_size=\u00bb14px\u00bb button_text_color=\u00bb#000000&#8243; button_bg_color=\u00bb#D7BA59&#8243; button_border_width=\u00bb0px\u00bb button_border_radius=\u00bb0px\u00bb button_font=\u00bbCormorant SC|700||on|||||\u00bb button_icon=\u00bb&#xf153;||fa||900&#8243; button_icon_color=\u00bb#000000&#8243; button_icon_placement=\u00bbleft\u00bb button_on_hover=\u00bboff\u00bb custom_margin=\u00bb30px||||false|false\u00bb button_text_size_tablet=\u00bb14px\u00bb button_text_size_phone=\u00bb12px\u00bb button_text_size_last_edited=\u00bbon|tablet\u00bb global_colors_info=\u00bb{}\u00bb transform_styles__hover_enabled=\u00bbon|hover\u00bb transform_scale__hover=\u00bb105%|105%\u00bb transform_scale__hover_enabled=\u00bbon|hover\u00bb transform_translate__hover_enabled=\u00bbon|desktop\u00bb transform_rotate__hover_enabled=\u00bbon|desktop\u00bb transform_skew__hover_enabled=\u00bbon|desktop\u00bb transform_origin__hover_enabled=\u00bbon|desktop\u00bb][\/et_pb_button][et_pb_divider color=\u00bbrgba(0,0,0,0.2)\u00bb disabled_on=\u00bboff|off|on\u00bb _builder_version=\u00bb4.20.4&#8243; _module_preset=\u00bbdefault\u00bb locked=\u00bboff\u00bb global_colors_info=\u00bb{}\u00bb][\/et_pb_divider][\/et_pb_column][et_pb_column type=\u00bb1_2&#8243; _builder_version=\u00bb4.20.4&#8243; _module_preset=\u00bbdefault\u00bb background_enable_color=\u00bboff\u00bb custom_padding=\u00bb0px|0px|0px|0px|false|true\u00bb global_colors_info=\u00bb{}\u00bb][et_pb_blurb title=\u00bbTarjeta de d\u00e9bito o cr\u00e9dito\u00bb use_icon=\u00bbon\u00bb font_icon=\u00bb&#xf09d;||fa||400&#8243; image_icon_width=\u00bb32px\u00bb icon_alignment=\u00bbleft\u00bb content_max_width=\u00bb100%\u00bb _builder_version=\u00bb4.24.2&#8243; _module_preset=\u00bbdefault\u00bb header_font=\u00bbMontserrat|700||on|||||\u00bb header_text_color=\u00bb#000000&#8243; header_font_size=\u00bb18px\u00bb header_line_height=\u00bb1.2em\u00bb custom_margin=\u00bb||30px||false|false\u00bb animation=\u00bboff\u00bb header_font_size_tablet=\u00bb16px\u00bb header_font_size_phone=\u00bb14px\u00bb header_font_size_last_edited=\u00bbon|phone\u00bb locked=\u00bboff\u00bb global_colors_info=\u00bb{}\u00bb]<\/p>\n<p>Podr\u00e1s realizar tu pago con tarjeta haciendo click en el bot\u00f3n de arriba Alta\/Renovaci\u00f3n Licencia Caballar.<\/p>\n<p>[\/et_pb_blurb][et_pb_blurb title=\u00bbTransferencia bancaria\u00bb use_icon=\u00bbon\u00bb font_icon=\u00bb&#xf4d3;||fa||900&#8243; image_icon_width=\u00bb32px\u00bb icon_alignment=\u00bbleft\u00bb content_max_width=\u00bb100%\u00bb _builder_version=\u00bb4.24.2&#8243; _module_preset=\u00bbdefault\u00bb header_font=\u00bbMontserrat|700||on|||||\u00bb header_text_color=\u00bb#000000&#8243; header_font_size=\u00bb18px\u00bb header_line_height=\u00bb1.2em\u00bb custom_margin=\u00bb||30px||false|false\u00bb animation=\u00bboff\u00bb header_font_size_tablet=\u00bb16px\u00bb header_font_size_phone=\u00bb14px\u00bb header_font_size_last_edited=\u00bbon|phone\u00bb locked=\u00bboff\u00bb global_colors_info=\u00bb{}\u00bb]<\/p>\n<p><span><strong>IBAN:<\/strong> ES30 0049 5042 8221 1658 3062 &#8211; <\/span><span style=\"color: #ff0000;\"><strong>Banco Santander<\/strong><\/span><\/p>\n<p>[\/et_pb_blurb][et_pb_text _builder_version=\u00bb4.21.0&#8243; _module_preset=\u00bbdefault\u00bb text_font=\u00bb||||||||\u00bb link_text_color=\u00bb#ffffff\u00bb header_5_font=\u00bbMontserrat|700||on|||||\u00bb header_5_font_size=\u00bb20px\u00bb header_5_line_height=\u00bb1.2em\u00bb text_font_size_tablet=\u00bb14px\u00bb text_font_size_phone=\u00bb14px\u00bb text_font_size_last_edited=\u00bbon|phone\u00bb header_5_font_size_tablet=\u00bb18px\u00bb header_5_font_size_phone=\u00bb16px\u00bb header_5_font_size_last_edited=\u00bbon|phone\u00bb locked=\u00bboff\u00bb global_colors_info=\u00bb{}\u00bb]<\/p>\n<h5>\u00bfQuieres domiciliar tu pago anual?<\/h5>\n<p>S\u00f3lo tienes que seguir estos pasos:<\/p>\n<p>1. Descarga y rellena la solicitud de Licencia Caballar:<\/p>\n<p><a href=\"https:\/\/federacioncanariadehipica.es\/inicio\/wp-content\/uploads\/2023\/05\/SOLICITUD_DE_LICENCIA_ANUAL_CABALLAR_FCH.pdf\" style=\"background: #38B6FF; border-radius: 100px; padding: 3px 11px; transition: font-size 0.5s;\" target=\"_blank\" rel=\"noopener\">Descargar<\/a><\/p>\n<p>2. Descarga y rellena la solicitud de domicilizaci\u00f3n haciendo clic en el bot\u00f3n:<\/p>\n<p><a href=\"https:\/\/federacioncanariadehipica.es\/inicio\/wp-content\/uploads\/2023\/04\/modelodomiciliacion.pdf\" style=\"background: #38B6FF; border-radius: 100px; padding: 3px 11px; transition: font-size 0.5s;\" target=\"_blank\" rel=\"noopener\">Descargar<\/a><\/p>\n<p>3. Haz una fotocopia de tu documento de identidad a doble cara.<\/p>\n<p>[\/et_pb_text][et_pb_image src=\u00bbhttps:\/\/federacioncanariadehipica.es\/inicio\/wp-content\/uploads\/2023\/04\/ejemplo-800&#215;1003-1.png\u00bb title_text=\u00bbejemplo-800&#215;1003&#8243; _builder_version=\u00bb4.20.4&#8243; _module_preset=\u00bbdefault\u00bb width=\u00bb360px\u00bb width_tablet=\u00bb100%\u00bb width_phone=\u00bb100%\u00bb width_last_edited=\u00bbon|phone\u00bb module_alignment=\u00bbcenter\u00bb custom_margin=\u00bb-40px||||false|false\u00bb global_colors_info=\u00bb{}\u00bb][\/et_pb_image][et_pb_text _builder_version=\u00bb4.27.4&#8243; _module_preset=\u00bbdefault\u00bb text_font=\u00bb||||||||\u00bb link_text_color=\u00bb#38B6FF\u00bb header_5_font=\u00bbMontserrat|700||on|||||\u00bb header_5_font_size=\u00bb20px\u00bb header_5_line_height=\u00bb1.2em\u00bb custom_margin=\u00bb30px||||false|false\u00bb hover_enabled=\u00bb0&#8243; text_font_size_tablet=\u00bb14px\u00bb text_font_size_phone=\u00bb14px\u00bb text_font_size_last_edited=\u00bbon|phone\u00bb header_5_font_size_tablet=\u00bb18px\u00bb header_5_font_size_phone=\u00bb16px\u00bb header_5_font_size_last_edited=\u00bbon|phone\u00bb global_colors_info=\u00bb{}\u00bb sticky_enabled=\u00bb0&#8243;]<\/p>\n<p>4. Env\u00eda un correo electr\u00f3nico con toda la documentaci\u00f3n a <span>\u00a0<\/span><a href=\"mailto:jorgesecretario@federacioncanariadehipica.com\" target=\"_blank\" rel=\"noopener\">jorgesecretario@<wbr \/>federacioncanariadehipica.com<\/a>\u00a0<wbr \/>y\u00a0<a title=\"mailto:administracion@federacioncanariadehipica.com\" id=\"m_2674541371366412305OWA6b7e8ece-e204-a48f-48b0-f055ef3213b1\" href=\"mailto:administracion@federacioncanariadehipica.com\" target=\"_blank\" rel=\"noopener\">administracion@<wbr \/>federacioncanariadehipica.com<\/a>.<\/p>\n<p>[\/et_pb_text][\/et_pb_column][\/et_pb_row][\/et_pb_section]<\/p>\n","protected":false},"excerpt":{"rendered":"<p>Licencia caballar En esta secci\u00f3n encontrar\u00e1s toda la informaci\u00f3n necesaria para hacer la primera licencia federativa a tu caballo o, si ya lo has federado con anterioridad, renovar la ya [&hellip;]<\/p>\n","protected":false},"author":1,"featured_media":0,"parent":0,"menu_order":0,"comment_status":"closed","ping_status":"closed","template":"","meta":{"_acf_changed":false,"_et_pb_use_builder":"on","_et_pb_old_content":"<!-- wp:divi\/placeholder \/-->","_et_gb_content_width":"","footnotes":""},"class_list":["post-11842","page","type-page","status-publish","hentry"],"acf":[],"_links":{"self":[{"href":"https:\/\/federacioncanariadehipica.es\/inicio\/wp-json\/wp\/v2\/pages\/11842","targetHints":{"allow":["GET"]}}],"collection":[{"href":"https:\/\/federacioncanariadehipica.es\/inicio\/wp-json\/wp\/v2\/pages"}],"about":[{"href":"https:\/\/federacioncanariadehipica.es\/inicio\/wp-json\/wp\/v2\/types\/page"}],"author":[{"embeddable":true,"href":"https:\/\/federacioncanariadehipica.es\/inicio\/wp-json\/wp\/v2\/users\/1"}],"replies":[{"embeddable":true,"href":"https:\/\/federacioncanariadehipica.es\/inicio\/wp-json\/wp\/v2\/comments?post=11842"}],"version-history":[{"count":32,"href":"https:\/\/federacioncanariadehipica.es\/inicio\/wp-json\/wp\/v2\/pages\/11842\/revisions"}],"predecessor-version":[{"id":19891,"href":"https:\/\/federacioncanariadehipica.es\/inicio\/wp-json\/wp\/v2\/pages\/11842\/revisions\/19891"}],"wp:attachment":[{"href":"https:\/\/federacioncanariadehipica.es\/inicio\/wp-json\/wp\/v2\/media?parent=11842"}],"curies":[{"name":"wp","href":"https:\/\/api.w.org\/{rel}","templated":true}]}}